{"id":2134,"date":"2020-04-02T21:42:37","date_gmt":"2020-04-02T21:42:37","guid":{"rendered":"https:\/\/gretaortega.com\/servicios\/celebration\/"},"modified":"2021-01-22T21:36:59","modified_gmt":"2021-01-22T21:36:59","slug":"celebracion","status":"publish","type":"page","link":"https:\/\/gretaortega.com\/es\/servicios\/celebracion\/","title":{"rendered":"celebracion"},"content":{"rendered":"<div id=\"pl-2134\"  class=\"panel-layout\" ><div id=\"pg-2134-0\"  class=\"panel-grid panel-no-style\" ><div id=\"pgc-2134-0-0\"  class=\"panel-grid-cell\" ><div id=\"panel-2134-0-0-0\" class=\"so-panel widget widget_sow-editor panel-first-child panel-last-child\" data-index=\"0\" ><div\n\t\t\t\n\t\t\tclass=\"so-widget-sow-editor so-widget-sow-editor-base\"\n\t\t\t\n\t\t>\n<div class=\"siteorigin-widget-tinymce textwidget\">\n\t<p>Organizamos eventos privados diversos ofreciendo el dise\u00f1o del proyecto, as\u00ed como la organizaci\u00f3n de actividades.<\/p>\n<p>Entre los eventos que realizamos se encuentran los siguientes:<\/p>\n<\/div>\n<\/div><\/div><\/div><\/div><div id=\"pg-2134-1\"  class=\"panel-grid panel-no-style\" ><div id=\"pgc-2134-1-0\"  class=\"panel-grid-cell\" ><div id=\"panel-2134-1-0-0\" class=\"so-panel widget widget_sow-editor panel-first-child panel-last-child\" data-index=\"1\" ><div\n\t\t\t\n\t\t\tclass=\"so-widget-sow-editor so-widget-sow-editor-base\"\n\t\t\t\n\t\t>\n<div class=\"siteorigin-widget-tinymce textwidget\">\n\t<h2>PEDIDA DE MANO<\/h2>\n<p>La pedida de mano era un momento en el que el novio pedida la autorizaci\u00f3n de los padres de la novia para casarse con ella, hoy en dia las cosas han cambiado, el novio le pide matrimonio a la novia, otorg\u00e1ndoles el anillo de compromiso de una forma mas intima, original y sorpresa.<\/p>\n<p>Escoger el anillo es uno de los pasos mas importantes de la pedida de mano, deberas investigar la medida correcta de su dedo izquierdo anular el cual seg\u00fan la tradici\u00f3n es por donde pasa la vena amoris que conecta directamente con el coraz\u00f3n.<\/p>\n<p>Escoger el lugar para la pedida es algo muy personal ya que por lo general las parejas suelen elegir una locaci\u00f3n que tenga gran significado para ambos.<\/p>\n<p>El resto d\u00e9janoslo a nosotros\u2026<\/p>\n<h2>ANIVERSARIO<\/h2>\n<p>Cada a\u00f1o, el aniversario de boda es un momento para recordar, siendo el n. 25, 50 y 75 en los que se celebra con realizaci\u00f3n de una fiesta con invitados.<br \/>Las bodas de Plata son el Aniversario mas celebrado por las parejas, los matrimonios encuentran en esta fecha el momento ideal de renovar sus votos matrimoniales y volver a celebrar su amor.<br \/>Las bodas de Oro es el otro aniversario por excelencia a celebrar por la parejas.<\/p>\n<p>Sin importar cuantos sean los a\u00f1os a celebrar nos encantaria poder ser parte y ayudarlos a organizar este importante festejo.<\/p>\n<h2>XV A\u00d1OS<\/h2>\n<p>Es un festejo que solo se vive una vez en la vida y queda en la memoria de todos.<br \/>La organizaci\u00f3n de tus xv a\u00f1os implica la formulacion de diversas ideas sobre la tem\u00e1tica, paleta de colores, entretenimiento, comida, invitaciones, el lugar y lo mas importante Tu vestido, en cuyo \u00fanico fin ser\u00e1 lograr una fiesta inolvidable y divertida que marcara el comienzo de esta nueva etapa de tu vida.<br \/>Tienes que tener en cuenta que la contrataci\u00f3n de estos servicios puede ser un poco complicada por lo que te recomendamos que contrates a especialistas como nosotros que te ayudaremos a darte la mejor opci\u00f3n a tus necesidades.<\/p>\n<h2>BABY SHOWER<\/h2>\n<p>El Baby Shower es una celebracion importante que requiere mucha preparaci\u00f3n y detalle. Invitados, actividades, tem\u00e1tica, comida, recuerdos y regalos... todo tiene que estar planeado y preparado. Pero no te preocupes. Todo es m\u00e1s sencillo si se tiene una Organizadora para ayudarte.<\/p>\n<\/div>\n<\/div><\/div><\/div><\/div><div id=\"pg-2134-2\"  class=\"panel-grid panel-no-style\" ><div id=\"pgc-2134-2-0\"  class=\"panel-grid-cell\" ><div id=\"panel-2134-2-0-0\" class=\"so-panel widget widget_sow-button panel-first-child panel-last-child\" data-index=\"2\" ><div class=\"panel-widget-style panel-widget-style-for-2134-2-0-0\" ><div\n\t\t\t\n\t\t\tclass=\"so-widget-sow-button so-widget-sow-button-flat-6c19279c38af-2134\"\n\t\t\t\n\t\t><div class=\"ow-button-base ow-button-align-left\"\n>\n\t\t\t<a\n\t\t\t\t\thref=\"https:\/\/gretaortega.com\/contact\/\"\n\t\t\t\t\tclass=\"sowb-button ow-icon-placement-left ow-button-hover\" \t>\n\t\t<span>\n\t\t\t\n\t\t\tContactanos\t\t<\/span>\n\t\t\t<\/a>\n\t<\/div>\n<\/div><\/div><\/div><\/div><\/div><\/div>","protected":false},"excerpt":{"rendered":"<p>Organizamos eventos privados diversos ofreciendo el dise\u00f1o del proyecto, as\u00ed como la organizaci\u00f3n de actividades. Entre los eventos que realizamos se encuentran los siguientes: PEDIDA DE MANOLa pedida de mano era un momento en el que el novio pedida la autorizaci\u00f3n de los padres de la novia para casarse con ella, hoy en dia las&hellip;<\/p>\n<p><a class=\"btn btn-primary\" href=\"https:\/\/gretaortega.com\/es\/servicios\/celebracion\/\">Continue reading <i class=\"fas fa-arrow-right\"><\/i><\/a><\/p>\n","protected":false},"author":1,"featured_media":0,"parent":2069,"menu_order":7,"comment_status":"closed","ping_status":"closed","template":"page-template-builder-subpage.php","meta":{"footnotes":""},"class_list":["post-2134","page","type-page","status-publish","hentry"],"yoast_head":"<!-- This site is optimized with the Yoast SEO plugin v25.8 - https:\/\/yoast.com\/wordpress\/plugins\/seo\/ -->\n<title>celebracion - Greta Ortega Wedding and Event planner<\/title>\n<meta name=\"robots\" content=\"index, follow, max-snippet:-1, max-image-preview:large, max-video-preview:-1\" \/>\n<link rel=\"canonical\" href=\"https:\/\/gretaortega.com\/es\/servicios\/celebracion\/\" \/>\n<meta property=\"og:locale\" content=\"es_ES\" \/>\n<meta property=\"og:type\" content=\"article\" \/>\n<meta property=\"og:title\" content=\"celebracion - Greta Ortega Wedding and Event planner\" \/>\n<meta property=\"og:description\" content=\"Organizamos eventos privados diversos ofreciendo el dise\u00f1o del proyecto, as\u00ed como la organizaci\u00f3n de actividades. Entre los eventos que realizamos se encuentran los siguientes: PEDIDA DE MANOLa pedida de mano era un momento en el que el novio pedida la autorizaci\u00f3n de los padres de la novia para casarse con ella, hoy en dia las&hellip;Continue reading\" \/>\n<meta property=\"og:url\" content=\"https:\/\/gretaortega.com\/es\/servicios\/celebracion\/\" \/>\n<meta property=\"og:site_name\" content=\"Greta Ortega Wedding and Event planner\" \/>\n<meta property=\"article:modified_time\" content=\"2021-01-22T21:36:59+00:00\" \/>\n<meta name=\"twitter:card\" content=\"summary_large_image\" \/>\n<meta name=\"twitter:label1\" content=\"Tiempo de lectura\" \/>\n\t<meta name=\"twitter:data1\" content=\"2 minutos\" \/>\n<script type=\"application\/ld+json\" class=\"yoast-schema-graph\">{\"@context\":\"https:\/\/schema.org\",\"@graph\":[{\"@type\":\"WebPage\",\"@id\":\"https:\/\/gretaortega.com\/es\/servicios\/celebracion\/\",\"url\":\"https:\/\/gretaortega.com\/es\/servicios\/celebracion\/\",\"name\":\"celebracion - Greta Ortega Wedding and Event planner\",\"isPartOf\":{\"@id\":\"https:\/\/gretaortega.com\/#website\"},\"datePublished\":\"2020-04-02T21:42:37+00:00\",\"dateModified\":\"2021-01-22T21:36:59+00:00\",\"breadcrumb\":{\"@id\":\"https:\/\/gretaortega.com\/es\/servicios\/celebracion\/#breadcrumb\"},\"inLanguage\":\"es\",\"potentialAction\":[{\"@type\":\"ReadAction\",\"target\":[\"https:\/\/gretaortega.com\/es\/servicios\/celebracion\/\"]}]},{\"@type\":\"BreadcrumbList\",\"@id\":\"https:\/\/gretaortega.com\/es\/servicios\/celebracion\/#breadcrumb\",\"itemListElement\":[{\"@type\":\"ListItem\",\"position\":1,\"name\":\"Home\",\"item\":\"https:\/\/gretaortega.com\/es\/\"},{\"@type\":\"ListItem\",\"position\":2,\"name\":\"Servicios\",\"item\":\"https:\/\/gretaortega.com\/es\/servicios\/\"},{\"@type\":\"ListItem\",\"position\":3,\"name\":\"celebracion\"}]},{\"@type\":\"WebSite\",\"@id\":\"https:\/\/gretaortega.com\/#website\",\"url\":\"https:\/\/gretaortega.com\/\",\"name\":\"Greta Ortega Wedding and Event planner\",\"description\":\"San Miguel de Allende\",\"publisher\":{\"@id\":\"https:\/\/gretaortega.com\/#organization\"},\"potentialAction\":[{\"@type\":\"SearchAction\",\"target\":{\"@type\":\"EntryPoint\",\"urlTemplate\":\"https:\/\/gretaortega.com\/?s={search_term_string}\"},\"query-input\":{\"@type\":\"PropertyValueSpecification\",\"valueRequired\":true,\"valueName\":\"search_term_string\"}}],\"inLanguage\":\"es\"},{\"@type\":\"Organization\",\"@id\":\"https:\/\/gretaortega.com\/#organization\",\"name\":\"Greta Ortega San Miguel De Allende Wedding Planner\",\"url\":\"https:\/\/gretaortega.com\/\",\"logo\":{\"@type\":\"ImageObject\",\"inLanguage\":\"es\",\"@id\":\"https:\/\/gretaortega.com\/#\/schema\/logo\/image\/\",\"url\":\"https:\/\/gretaortega.com\/wp-content\/uploads\/2023\/01\/favicon-greta.png\",\"contentUrl\":\"https:\/\/gretaortega.com\/wp-content\/uploads\/2023\/01\/favicon-greta.png\",\"width\":512,\"height\":512,\"caption\":\"Greta Ortega San Miguel De Allende Wedding Planner\"},\"image\":{\"@id\":\"https:\/\/gretaortega.com\/#\/schema\/logo\/image\/\"}}]}<\/script>\n<!-- \/ Yoast SEO plugin. -->","yoast_head_json":{"title":"celebracion - Greta Ortega Wedding and Event planner","robots":{"index":"index","follow":"follow","max-snippet":"max-snippet:-1","max-image-preview":"max-image-preview:large","max-video-preview":"max-video-preview:-1"},"canonical":"https:\/\/gretaortega.com\/es\/servicios\/celebracion\/","og_locale":"es_ES","og_type":"article","og_title":"celebracion - Greta Ortega Wedding and Event planner","og_description":"Organizamos eventos privados diversos ofreciendo el dise\u00f1o del proyecto, as\u00ed como la organizaci\u00f3n de actividades. Entre los eventos que realizamos se encuentran los siguientes: PEDIDA DE MANOLa pedida de mano era un momento en el que el novio pedida la autorizaci\u00f3n de los padres de la novia para casarse con ella, hoy en dia las&hellip;Continue reading","og_url":"https:\/\/gretaortega.com\/es\/servicios\/celebracion\/","og_site_name":"Greta Ortega Wedding and Event planner","article_modified_time":"2021-01-22T21:36:59+00:00","twitter_card":"summary_large_image","twitter_misc":{"Tiempo de lectura":"2 minutos"},"schema":{"@context":"https:\/\/schema.org","@graph":[{"@type":"WebPage","@id":"https:\/\/gretaortega.com\/es\/servicios\/celebracion\/","url":"https:\/\/gretaortega.com\/es\/servicios\/celebracion\/","name":"celebracion - Greta Ortega Wedding and Event planner","isPartOf":{"@id":"https:\/\/gretaortega.com\/#website"},"datePublished":"2020-04-02T21:42:37+00:00","dateModified":"2021-01-22T21:36:59+00:00","breadcrumb":{"@id":"https:\/\/gretaortega.com\/es\/servicios\/celebracion\/#breadcrumb"},"inLanguage":"es","potentialAction":[{"@type":"ReadAction","target":["https:\/\/gretaortega.com\/es\/servicios\/celebracion\/"]}]},{"@type":"BreadcrumbList","@id":"https:\/\/gretaortega.com\/es\/servicios\/celebracion\/#breadcrumb","itemListElement":[{"@type":"ListItem","position":1,"name":"Home","item":"https:\/\/gretaortega.com\/es\/"},{"@type":"ListItem","position":2,"name":"Servicios","item":"https:\/\/gretaortega.com\/es\/servicios\/"},{"@type":"ListItem","position":3,"name":"celebracion"}]},{"@type":"WebSite","@id":"https:\/\/gretaortega.com\/#website","url":"https:\/\/gretaortega.com\/","name":"Greta Ortega Wedding and Event planner","description":"San Miguel de Allende","publisher":{"@id":"https:\/\/gretaortega.com\/#organization"},"potentialAction":[{"@type":"SearchAction","target":{"@type":"EntryPoint","urlTemplate":"https:\/\/gretaortega.com\/?s={search_term_string}"},"query-input":{"@type":"PropertyValueSpecification","valueRequired":true,"valueName":"search_term_string"}}],"inLanguage":"es"},{"@type":"Organization","@id":"https:\/\/gretaortega.com\/#organization","name":"Greta Ortega San Miguel De Allende Wedding Planner","url":"https:\/\/gretaortega.com\/","logo":{"@type":"ImageObject","inLanguage":"es","@id":"https:\/\/gretaortega.com\/#\/schema\/logo\/image\/","url":"https:\/\/gretaortega.com\/wp-content\/uploads\/2023\/01\/favicon-greta.png","contentUrl":"https:\/\/gretaortega.com\/wp-content\/uploads\/2023\/01\/favicon-greta.png","width":512,"height":512,"caption":"Greta Ortega San Miguel De Allende Wedding Planner"},"image":{"@id":"https:\/\/gretaortega.com\/#\/schema\/logo\/image\/"}}]}},"_links":{"self":[{"href":"https:\/\/gretaortega.com\/es\/wp-json\/wp\/v2\/pages\/2134","targetHints":{"allow":["GET"]}}],"collection":[{"href":"https:\/\/gretaortega.com\/es\/wp-json\/wp\/v2\/pages"}],"about":[{"href":"https:\/\/gretaortega.com\/es\/wp-json\/wp\/v2\/types\/page"}],"author":[{"embeddable":true,"href":"https:\/\/gretaortega.com\/es\/wp-json\/wp\/v2\/users\/1"}],"replies":[{"embeddable":true,"href":"https:\/\/gretaortega.com\/es\/wp-json\/wp\/v2\/comments?post=2134"}],"version-history":[{"count":4,"href":"https:\/\/gretaortega.com\/es\/wp-json\/wp\/v2\/pages\/2134\/revisions"}],"predecessor-version":[{"id":2140,"href":"https:\/\/gretaortega.com\/es\/wp-json\/wp\/v2\/pages\/2134\/revisions\/2140"}],"up":[{"embeddable":true,"href":"https:\/\/gretaortega.com\/es\/wp-json\/wp\/v2\/pages\/2069"}],"wp:attachment":[{"href":"https:\/\/gretaortega.com\/es\/wp-json\/wp\/v2\/media?parent=2134"}],"curies":[{"name":"wp","href":"https:\/\/api.w.org\/{rel}","templated":true}]}}