{"id":2129,"date":"2020-04-03T21:41:47","date_gmt":"2020-04-03T21:41:47","guid":{"rendered":"https:\/\/gretaortega.com\/servicios\/wedding-virtual-coach\/"},"modified":"2021-01-22T21:33:42","modified_gmt":"2021-01-22T21:33:42","slug":"wedding-virtual-coach","status":"publish","type":"page","link":"https:\/\/gretaortega.com\/es\/servicios\/wedding-virtual-coach\/","title":{"rendered":"Wedding virtual coach"},"content":{"rendered":"<div id=\"pl-2129\"  class=\"panel-layout\" ><div id=\"pg-2129-0\"  class=\"panel-grid panel-no-style\" ><div id=\"pgc-2129-0-0\"  class=\"panel-grid-cell\" ><div id=\"panel-2129-0-0-0\" class=\"so-panel widget widget_sow-editor panel-first-child panel-last-child\" data-index=\"0\" ><div\n\t\t\t\n\t\t\tclass=\"so-widget-sow-editor so-widget-sow-editor-base\"\n\t\t\t\n\t\t>\n<div class=\"siteorigin-widget-tinymce textwidget\">\n\t<p>Los costos de una boda puede superar tu presupuesto.. Muchas veces una planeadora de bodas queda fuera del presupuesto despu\u00e9s de costear el lugar, comida y bebidas, dj y fot\u00f3grafo. Eso es desalentador porque todo se hace mas estresante.<\/p>\n<p>Con la asesor\u00eda virtual te llevare de la mano via remota por tel\u00e9fono (zoom o google meeting) o email y te ayudare a seguir cada uno de los pasos necesarios para llevara a cabo la boda de tus sue\u00f1os. <\/p>\n<p>Empieza a planear tu boda<\/p>\n<\/div>\n<\/div><\/div><\/div><\/div><div id=\"pg-2129-1\"  class=\"panel-grid panel-no-style\" ><div id=\"pgc-2129-1-0\"  class=\"panel-grid-cell\" ><div id=\"panel-2129-1-0-0\" class=\"so-panel widget widget_sow-button panel-first-child panel-last-child\" data-index=\"1\" ><div class=\"panel-widget-style panel-widget-style-for-2129-1-0-0\" ><div\n\t\t\t\n\t\t\tclass=\"so-widget-sow-button so-widget-sow-button-flat-6c19279c38af-2129\"\n\t\t\t\n\t\t><div class=\"ow-button-base ow-button-align-left\"\n>\n\t\t\t<a\n\t\t\t\t\thref=\"https:\/\/gretaortega.com\/contact\/\"\n\t\t\t\t\tclass=\"sowb-button ow-icon-placement-left ow-button-hover\" \t>\n\t\t<span>\n\t\t\t\n\t\t\tContactanos\t\t<\/span>\n\t\t\t<\/a>\n\t<\/div>\n<\/div><\/div><\/div><\/div><\/div><\/div>","protected":false},"excerpt":{"rendered":"<p>Los costos de una boda puede superar tu presupuesto.. Muchas veces una planeadora de bodas queda fuera del presupuesto despu\u00e9s de costear el lugar, comida y bebidas, dj y fot\u00f3grafo. Eso es desalentador porque todo se hace mas estresante. Con la asesor\u00eda virtual te llevare de la mano via remota por tel\u00e9fono (zoom o google&hellip;<\/p>\n<p><a class=\"btn btn-primary\" href=\"https:\/\/gretaortega.com\/es\/servicios\/wedding-virtual-coach\/\">Continue reading <i class=\"fas fa-arrow-right\"><\/i><\/a><\/p>\n","protected":false},"author":1,"featured_media":0,"parent":2069,"menu_order":8,"comment_status":"closed","ping_status":"closed","template":"page-template-builder-subpage.php","meta":{"footnotes":""},"class_list":["post-2129","page","type-page","status-publish","hentry"],"yoast_head":"<!-- This site is optimized with the Yoast SEO plugin v25.8 - https:\/\/yoast.com\/wordpress\/plugins\/seo\/ -->\n<title>Wedding virtual coach - Greta Ortega Wedding and Event planner<\/title>\n<meta name=\"robots\" content=\"index, follow, max-snippet:-1, max-image-preview:large, max-video-preview:-1\" \/>\n<link rel=\"canonical\" href=\"https:\/\/gretaortega.com\/es\/servicios\/wedding-virtual-coach\/\" \/>\n<meta property=\"og:locale\" content=\"es_ES\" \/>\n<meta property=\"og:type\" content=\"article\" \/>\n<meta property=\"og:title\" content=\"Wedding virtual coach - Greta Ortega Wedding and Event planner\" \/>\n<meta property=\"og:description\" content=\"Los costos de una boda puede superar tu presupuesto.. Muchas veces una planeadora de bodas queda fuera del presupuesto despu\u00e9s de costear el lugar, comida y bebidas, dj y fot\u00f3grafo. Eso es desalentador porque todo se hace mas estresante. Con la asesor\u00eda virtual te llevare de la mano via remota por tel\u00e9fono (zoom o google&hellip;Continue reading\" \/>\n<meta property=\"og:url\" content=\"https:\/\/gretaortega.com\/es\/servicios\/wedding-virtual-coach\/\" \/>\n<meta property=\"og:site_name\" content=\"Greta Ortega Wedding and Event planner\" \/>\n<meta property=\"article:modified_time\" content=\"2021-01-22T21:33:42+00:00\" \/>\n<meta name=\"twitter:card\" content=\"summary_large_image\" \/>\n<script type=\"application\/ld+json\" class=\"yoast-schema-graph\">{\"@context\":\"https:\/\/schema.org\",\"@graph\":[{\"@type\":\"WebPage\",\"@id\":\"https:\/\/gretaortega.com\/es\/servicios\/wedding-virtual-coach\/\",\"url\":\"https:\/\/gretaortega.com\/es\/servicios\/wedding-virtual-coach\/\",\"name\":\"Wedding virtual coach - Greta Ortega Wedding and Event planner\",\"isPartOf\":{\"@id\":\"https:\/\/gretaortega.com\/#website\"},\"datePublished\":\"2020-04-03T21:41:47+00:00\",\"dateModified\":\"2021-01-22T21:33:42+00:00\",\"breadcrumb\":{\"@id\":\"https:\/\/gretaortega.com\/es\/servicios\/wedding-virtual-coach\/#breadcrumb\"},\"inLanguage\":\"es\",\"potentialAction\":[{\"@type\":\"ReadAction\",\"target\":[\"https:\/\/gretaortega.com\/es\/servicios\/wedding-virtual-coach\/\"]}]},{\"@type\":\"BreadcrumbList\",\"@id\":\"https:\/\/gretaortega.com\/es\/servicios\/wedding-virtual-coach\/#breadcrumb\",\"itemListElement\":[{\"@type\":\"ListItem\",\"position\":1,\"name\":\"Home\",\"item\":\"https:\/\/gretaortega.com\/es\/\"},{\"@type\":\"ListItem\",\"position\":2,\"name\":\"Servicios\",\"item\":\"https:\/\/gretaortega.com\/es\/servicios\/\"},{\"@type\":\"ListItem\",\"position\":3,\"name\":\"Wedding virtual coach\"}]},{\"@type\":\"WebSite\",\"@id\":\"https:\/\/gretaortega.com\/#website\",\"url\":\"https:\/\/gretaortega.com\/\",\"name\":\"Greta Ortega Wedding and Event planner\",\"description\":\"San Miguel de Allende\",\"publisher\":{\"@id\":\"https:\/\/gretaortega.com\/#organization\"},\"potentialAction\":[{\"@type\":\"SearchAction\",\"target\":{\"@type\":\"EntryPoint\",\"urlTemplate\":\"https:\/\/gretaortega.com\/?s={search_term_string}\"},\"query-input\":{\"@type\":\"PropertyValueSpecification\",\"valueRequired\":true,\"valueName\":\"search_term_string\"}}],\"inLanguage\":\"es\"},{\"@type\":\"Organization\",\"@id\":\"https:\/\/gretaortega.com\/#organization\",\"name\":\"Greta Ortega San Miguel De Allende Wedding Planner\",\"url\":\"https:\/\/gretaortega.com\/\",\"logo\":{\"@type\":\"ImageObject\",\"inLanguage\":\"es\",\"@id\":\"https:\/\/gretaortega.com\/#\/schema\/logo\/image\/\",\"url\":\"https:\/\/gretaortega.com\/wp-content\/uploads\/2023\/01\/favicon-greta.png\",\"contentUrl\":\"https:\/\/gretaortega.com\/wp-content\/uploads\/2023\/01\/favicon-greta.png\",\"width\":512,\"height\":512,\"caption\":\"Greta Ortega San Miguel De Allende Wedding Planner\"},\"image\":{\"@id\":\"https:\/\/gretaortega.com\/#\/schema\/logo\/image\/\"}}]}<\/script>\n<!-- \/ Yoast SEO plugin. -->","yoast_head_json":{"title":"Wedding virtual coach - Greta Ortega Wedding and Event planner","robots":{"index":"index","follow":"follow","max-snippet":"max-snippet:-1","max-image-preview":"max-image-preview:large","max-video-preview":"max-video-preview:-1"},"canonical":"https:\/\/gretaortega.com\/es\/servicios\/wedding-virtual-coach\/","og_locale":"es_ES","og_type":"article","og_title":"Wedding virtual coach - Greta Ortega Wedding and Event planner","og_description":"Los costos de una boda puede superar tu presupuesto.. Muchas veces una planeadora de bodas queda fuera del presupuesto despu\u00e9s de costear el lugar, comida y bebidas, dj y fot\u00f3grafo. Eso es desalentador porque todo se hace mas estresante. Con la asesor\u00eda virtual te llevare de la mano via remota por tel\u00e9fono (zoom o google&hellip;Continue reading","og_url":"https:\/\/gretaortega.com\/es\/servicios\/wedding-virtual-coach\/","og_site_name":"Greta Ortega Wedding and Event planner","article_modified_time":"2021-01-22T21:33:42+00:00","twitter_card":"summary_large_image","schema":{"@context":"https:\/\/schema.org","@graph":[{"@type":"WebPage","@id":"https:\/\/gretaortega.com\/es\/servicios\/wedding-virtual-coach\/","url":"https:\/\/gretaortega.com\/es\/servicios\/wedding-virtual-coach\/","name":"Wedding virtual coach - Greta Ortega Wedding and Event planner","isPartOf":{"@id":"https:\/\/gretaortega.com\/#website"},"datePublished":"2020-04-03T21:41:47+00:00","dateModified":"2021-01-22T21:33:42+00:00","breadcrumb":{"@id":"https:\/\/gretaortega.com\/es\/servicios\/wedding-virtual-coach\/#breadcrumb"},"inLanguage":"es","potentialAction":[{"@type":"ReadAction","target":["https:\/\/gretaortega.com\/es\/servicios\/wedding-virtual-coach\/"]}]},{"@type":"BreadcrumbList","@id":"https:\/\/gretaortega.com\/es\/servicios\/wedding-virtual-coach\/#breadcrumb","itemListElement":[{"@type":"ListItem","position":1,"name":"Home","item":"https:\/\/gretaortega.com\/es\/"},{"@type":"ListItem","position":2,"name":"Servicios","item":"https:\/\/gretaortega.com\/es\/servicios\/"},{"@type":"ListItem","position":3,"name":"Wedding virtual coach"}]},{"@type":"WebSite","@id":"https:\/\/gretaortega.com\/#website","url":"https:\/\/gretaortega.com\/","name":"Greta Ortega Wedding and Event planner","description":"San Miguel de Allende","publisher":{"@id":"https:\/\/gretaortega.com\/#organization"},"potentialAction":[{"@type":"SearchAction","target":{"@type":"EntryPoint","urlTemplate":"https:\/\/gretaortega.com\/?s={search_term_string}"},"query-input":{"@type":"PropertyValueSpecification","valueRequired":true,"valueName":"search_term_string"}}],"inLanguage":"es"},{"@type":"Organization","@id":"https:\/\/gretaortega.com\/#organization","name":"Greta Ortega San Miguel De Allende Wedding Planner","url":"https:\/\/gretaortega.com\/","logo":{"@type":"ImageObject","inLanguage":"es","@id":"https:\/\/gretaortega.com\/#\/schema\/logo\/image\/","url":"https:\/\/gretaortega.com\/wp-content\/uploads\/2023\/01\/favicon-greta.png","contentUrl":"https:\/\/gretaortega.com\/wp-content\/uploads\/2023\/01\/favicon-greta.png","width":512,"height":512,"caption":"Greta Ortega San Miguel De Allende Wedding Planner"},"image":{"@id":"https:\/\/gretaortega.com\/#\/schema\/logo\/image\/"}}]}},"_links":{"self":[{"href":"https:\/\/gretaortega.com\/es\/wp-json\/wp\/v2\/pages\/2129","targetHints":{"allow":["GET"]}}],"collection":[{"href":"https:\/\/gretaortega.com\/es\/wp-json\/wp\/v2\/pages"}],"about":[{"href":"https:\/\/gretaortega.com\/es\/wp-json\/wp\/v2\/types\/page"}],"author":[{"embeddable":true,"href":"https:\/\/gretaortega.com\/es\/wp-json\/wp\/v2\/users\/1"}],"replies":[{"embeddable":true,"href":"https:\/\/gretaortega.com\/es\/wp-json\/wp\/v2\/comments?post=2129"}],"version-history":[{"count":2,"href":"https:\/\/gretaortega.com\/es\/wp-json\/wp\/v2\/pages\/2129\/revisions"}],"predecessor-version":[{"id":2131,"href":"https:\/\/gretaortega.com\/es\/wp-json\/wp\/v2\/pages\/2129\/revisions\/2131"}],"up":[{"embeddable":true,"href":"https:\/\/gretaortega.com\/es\/wp-json\/wp\/v2\/pages\/2069"}],"wp:attachment":[{"href":"https:\/\/gretaortega.com\/es\/wp-json\/wp\/v2\/media?parent=2129"}],"curies":[{"name":"wp","href":"https:\/\/api.w.org\/{rel}","templated":true}]}}