{"id":2069,"date":"2021-01-22T02:06:38","date_gmt":"2021-01-22T02:06:38","guid":{"rendered":"https:\/\/gretaortega.com\/?page_id=2069"},"modified":"2021-01-22T22:03:11","modified_gmt":"2021-01-22T22:03:11","slug":"servicios","status":"publish","type":"page","link":"https:\/\/gretaortega.com\/es\/servicios\/","title":{"rendered":"Servicios"},"content":{"rendered":"<div id=\"pl-2069\"  class=\"panel-layout\" ><div id=\"pg-2069-0\"  class=\"panel-grid panel-no-style\" ><div id=\"pgc-2069-0-0\"  class=\"panel-grid-cell\" ><div id=\"panel-2069-0-0-0\" class=\"so-panel widget widget_sow-editor panel-first-child\" data-index=\"0\" ><div\n\t\t\t\n\t\t\tclass=\"so-widget-sow-editor so-widget-sow-editor-base\"\n\t\t\t\n\t\t>\n<div class=\"siteorigin-widget-tinymce textwidget\">\n\t<p>\u00bfPorque nosotros? Consi\u00e9ntete con un <u>profesional del catering gourmet<\/u> que har\u00e1 de tu evento un traje a la medida.<\/p>\n<h2>Somos locales<\/h2>\n<ul>\n<li>Tengo m\u00e1s de 11 a\u00f1os de experiencia atendiendo &amp; sirviendo a los m\u00e1s exigentes visitantes nacionales y extranjeros en San Miguel de Allende. <strong>Aprovecha mi red de contactos y know-how.<\/strong><\/li>\n<\/ul>\n<h2>Ya saben lo que dicen, el que mucho abarca poco aprieta\u2026<\/h2>\n<ul>\n<li>Conozco el pueblo de arriba a abajo porque aqu\u00ed vivo. Adem\u00e1s, he trabajado durante muchos a\u00f1os enfocada <strong>\u00fanicamente en el \u00e1rea de San Miguel de Allende. <\/strong><\/li>\n<\/ul>\n<h2>De la A a la Z<\/h2>\n<ul>\n<li>Te acompa\u00f1are <strong>desde el inicio del proceso<\/strong>: comenzando por elaborar los presupuestos, planeando un cronograma, llevando a cabo el scouting de las locaciones, recomendando personalmente a tus mejores opciones como proveedores, llevando a cabo el papeleo con las autoridades locales (licencias), as\u00ed como <strong>todos<\/strong> <strong>los dem\u00e1s detalles<\/strong> requeridos antes , durante y despu\u00e9s de la boda\u2026<\/li>\n<\/ul>\n<h2>Independiente<\/h2>\n<ul>\n<li>No trabajo con ning\u00fan proveedor de manera exclusiva, mi \u00fanico compromiso es contigo. \u00a1<strong>Todas las opciones son posibles<\/strong>, todo depende de ti!<\/li>\n<\/ul>\n<h2>Personalizado<\/h2>\n<ul>\n<li>Porque tu evento es especial, <strong>necesitas a alguien que se especialice en ti.<\/strong> Cada evento es coordinado por m\u00ed directamente y ofrezco un servicio uno a uno todo el tiempo. Ya sea a trav\u00e9s de citas, llamadas, mails, puedes estar seguro que estar\u00e9 ah\u00ed para atenderte.<\/li>\n<li>\u00danicamente realizamos una cantidad de eventos que nos permita verdaderamente comprender los deseos de nuestros clientes y <strong>dedicarles todo el tiempo necesario sin pasar por alto ning\u00fan detalle. <\/strong><\/li>\n<\/ul>\n<h2>Atencion ilimitada<\/h2>\n<ul>\n<li><strong>Obt\u00e9n toda la atenci\u00f3n que mereces!<\/strong> Tengo un enfoque de servicio completo lo que te asegura horas de planeaci\u00f3n , reuniones de orientaci\u00f3n y dise\u00f1o ilimitadas. Tomate el tiempo que necesites, que estar\u00e9 para ayudarte a crear momentos inolvidables.<\/li>\n<\/ul>\n<h2>Soy flexible<\/h2>\n<ul>\n<li>Atendemos bodas y eventos de todos los tama\u00f1os y presupuestos. <strong>Personalizamos nuestros servicios para adecuarlas a tus necesidades.<\/strong><\/li>\n<\/ul>\n<h2>Por \u00faltimo, pero no menos importante, te ayudamos a mantenerte en tu presupuesto<\/h2>\n<ul>\n<li>Soy una Chef profesional con m\u00e1s de 11 a\u00f1os manejando exitosamente un Restaurante top en SMA y con a\u00f1os de experiencia previa en la industria de la restauraci\u00f3n en la Riviera Maya.<\/li>\n<\/ul>\n<h2>\u00a1Aprovecha el combo! Ahorra dinero cuando me elijas como tu planeadora de evento y tu proveedora de catering.<\/h2>\n<ul>\n<li>Pero no te preocupes, si decides elegir otro catering, estar\u00e9 igualmente feliz de planear tu evento y sugerirte lo que mejor se adec\u00fae a tus necesidades.<\/li>\n<\/ul>\n<h2>Servicios<\/h2>\n<ul>\n<li>Catering: comida y bebidas<\/li>\n<li>Creaci\u00f3n y manejo de presupuestos<\/li>\n<li>Scouting de locaciones<\/li>\n<li>Creacion de una planeaci\u00f3n de un cronograma<\/li>\n<li>Recomenadcion personalizada de proveedores<\/li>\n<li>Coordinaci\u00f3n con proveedores<\/li>\n<li>Programaci\u00f3n de pagos<\/li>\n<li>Dise\u00f1o de evento y decoraci\u00f3n de la locacion<\/li>\n<li>Plano y flujo arquitectonico<\/li>\n<li>Instalacion<\/li>\n<li>Cronograma del dia de la boda<\/li>\n<li>Lista de control<\/li>\n<li>Manejo en todo momento el dia de la boda<\/li>\n<li>Recomendaciones turisticas y de hoteles<\/li>\n<li>Logistica y transportacion (si son requeridas)<\/li>\n<li>Actividades a realizar para los invitados durante el dia<\/li>\n<\/ul>\n<\/div>\n<\/div><\/div><div id=\"panel-2069-0-0-1\" class=\"so-panel widget widget_sow-button panel-last-child\" data-index=\"1\" ><div class=\"panel-widget-style panel-widget-style-for-2069-0-0-1\" ><div\n\t\t\t\n\t\t\tclass=\"so-widget-sow-button so-widget-sow-button-flat-6c19279c38af-2069\"\n\t\t\t\n\t\t><div class=\"ow-button-base ow-button-align-left\"\n>\n\t\t\t<a\n\t\t\t\t\thref=\"\"\n\t\t\t\t\tclass=\"sowb-button ow-icon-placement-left ow-button-hover\" \t>\n\t\t<span>\n\t\t\t\n\t\t\tMore Info\t\t<\/span>\n\t\t\t<\/a>\n\t<\/div>\n<\/div><\/div><\/div><\/div><\/div><div id=\"pg-2069-1\"  class=\"panel-grid panel-no-style\" ><div id=\"pgc-2069-1-0\"  class=\"panel-grid-cell\" ><\/div><\/div><\/div>","protected":false},"excerpt":{"rendered":"<p>\u00bfPorque nosotros? Consi\u00e9ntete con un profesional del catering gourmet que har\u00e1 de tu evento un traje a la medida. Somos locales Tengo m\u00e1s de 11 a\u00f1os de experiencia atendiendo &amp; sirviendo a los m\u00e1s exigentes visitantes nacionales y extranjeros en San Miguel de Allende. Aprovecha mi red de contactos y know-how. Ya saben lo que&hellip;<\/p>\n<p><a class=\"btn btn-primary\" href=\"https:\/\/gretaortega.com\/es\/servicios\/\">Continue reading <i class=\"fas fa-arrow-right\"><\/i><\/a><\/p>\n","protected":false},"author":1,"featured_media":0,"parent":0,"menu_order":6,"comment_status":"closed","ping_status":"closed","template":"page-template-builder-subpage.php","meta":{"footnotes":""},"class_list":["post-2069","page","type-page","status-publish","hentry"],"yoast_head":"<!-- This site is optimized with the Yoast SEO plugin v25.8 - https:\/\/yoast.com\/wordpress\/plugins\/seo\/ -->\n<title>Servicios - Greta Ortega Wedding and Event planner<\/title>\n<meta name=\"robots\" content=\"index, follow, max-snippet:-1, max-image-preview:large, max-video-preview:-1\" \/>\n<link rel=\"canonical\" href=\"https:\/\/gretaortega.com\/es\/servicios\/\" \/>\n<meta property=\"og:locale\" content=\"es_ES\" \/>\n<meta property=\"og:type\" content=\"article\" \/>\n<meta property=\"og:title\" content=\"Servicios - Greta Ortega Wedding and Event planner\" \/>\n<meta property=\"og:description\" content=\"\u00bfPorque nosotros? Consi\u00e9ntete con un profesional del catering gourmet que har\u00e1 de tu evento un traje a la medida. Somos locales Tengo m\u00e1s de 11 a\u00f1os de experiencia atendiendo &amp; sirviendo a los m\u00e1s exigentes visitantes nacionales y extranjeros en San Miguel de Allende. Aprovecha mi red de contactos y know-how. Ya saben lo que&hellip;Continue reading\" \/>\n<meta property=\"og:url\" content=\"https:\/\/gretaortega.com\/es\/servicios\/\" \/>\n<meta property=\"og:site_name\" content=\"Greta Ortega Wedding and Event planner\" \/>\n<meta property=\"article:modified_time\" content=\"2021-01-22T22:03:11+00:00\" \/>\n<meta name=\"twitter:card\" content=\"summary_large_image\" \/>\n<meta name=\"twitter:label1\" content=\"Tiempo de lectura\" \/>\n\t<meta name=\"twitter:data1\" content=\"1 minuto\" \/>\n<script type=\"application\/ld+json\" class=\"yoast-schema-graph\">{\"@context\":\"https:\/\/schema.org\",\"@graph\":[{\"@type\":\"WebPage\",\"@id\":\"https:\/\/gretaortega.com\/es\/servicios\/\",\"url\":\"https:\/\/gretaortega.com\/es\/servicios\/\",\"name\":\"Servicios - Greta Ortega Wedding and Event planner\",\"isPartOf\":{\"@id\":\"https:\/\/gretaortega.com\/#website\"},\"datePublished\":\"2021-01-22T02:06:38+00:00\",\"dateModified\":\"2021-01-22T22:03:11+00:00\",\"breadcrumb\":{\"@id\":\"https:\/\/gretaortega.com\/es\/servicios\/#breadcrumb\"},\"inLanguage\":\"es\",\"potentialAction\":[{\"@type\":\"ReadAction\",\"target\":[\"https:\/\/gretaortega.com\/es\/servicios\/\"]}]},{\"@type\":\"BreadcrumbList\",\"@id\":\"https:\/\/gretaortega.com\/es\/servicios\/#breadcrumb\",\"itemListElement\":[{\"@type\":\"ListItem\",\"position\":1,\"name\":\"Home\",\"item\":\"https:\/\/gretaortega.com\/es\/\"},{\"@type\":\"ListItem\",\"position\":2,\"name\":\"Servicios\"}]},{\"@type\":\"WebSite\",\"@id\":\"https:\/\/gretaortega.com\/#website\",\"url\":\"https:\/\/gretaortega.com\/\",\"name\":\"Greta Ortega Wedding and Event planner\",\"description\":\"San Miguel de Allende\",\"publisher\":{\"@id\":\"https:\/\/gretaortega.com\/#organization\"},\"potentialAction\":[{\"@type\":\"SearchAction\",\"target\":{\"@type\":\"EntryPoint\",\"urlTemplate\":\"https:\/\/gretaortega.com\/?s={search_term_string}\"},\"query-input\":{\"@type\":\"PropertyValueSpecification\",\"valueRequired\":true,\"valueName\":\"search_term_string\"}}],\"inLanguage\":\"es\"},{\"@type\":\"Organization\",\"@id\":\"https:\/\/gretaortega.com\/#organization\",\"name\":\"Greta Ortega San Miguel De Allende Wedding Planner\",\"url\":\"https:\/\/gretaortega.com\/\",\"logo\":{\"@type\":\"ImageObject\",\"inLanguage\":\"es\",\"@id\":\"https:\/\/gretaortega.com\/#\/schema\/logo\/image\/\",\"url\":\"https:\/\/gretaortega.com\/wp-content\/uploads\/2023\/01\/favicon-greta.png\",\"contentUrl\":\"https:\/\/gretaortega.com\/wp-content\/uploads\/2023\/01\/favicon-greta.png\",\"width\":512,\"height\":512,\"caption\":\"Greta Ortega San Miguel De Allende Wedding Planner\"},\"image\":{\"@id\":\"https:\/\/gretaortega.com\/#\/schema\/logo\/image\/\"}}]}<\/script>\n<!-- \/ Yoast SEO plugin. -->","yoast_head_json":{"title":"Servicios - Greta Ortega Wedding and Event planner","robots":{"index":"index","follow":"follow","max-snippet":"max-snippet:-1","max-image-preview":"max-image-preview:large","max-video-preview":"max-video-preview:-1"},"canonical":"https:\/\/gretaortega.com\/es\/servicios\/","og_locale":"es_ES","og_type":"article","og_title":"Servicios - Greta Ortega Wedding and Event planner","og_description":"\u00bfPorque nosotros? Consi\u00e9ntete con un profesional del catering gourmet que har\u00e1 de tu evento un traje a la medida. Somos locales Tengo m\u00e1s de 11 a\u00f1os de experiencia atendiendo &amp; sirviendo a los m\u00e1s exigentes visitantes nacionales y extranjeros en San Miguel de Allende. Aprovecha mi red de contactos y know-how. Ya saben lo que&hellip;Continue reading","og_url":"https:\/\/gretaortega.com\/es\/servicios\/","og_site_name":"Greta Ortega Wedding and Event planner","article_modified_time":"2021-01-22T22:03:11+00:00","twitter_card":"summary_large_image","twitter_misc":{"Tiempo de lectura":"1 minuto"},"schema":{"@context":"https:\/\/schema.org","@graph":[{"@type":"WebPage","@id":"https:\/\/gretaortega.com\/es\/servicios\/","url":"https:\/\/gretaortega.com\/es\/servicios\/","name":"Servicios - Greta Ortega Wedding and Event planner","isPartOf":{"@id":"https:\/\/gretaortega.com\/#website"},"datePublished":"2021-01-22T02:06:38+00:00","dateModified":"2021-01-22T22:03:11+00:00","breadcrumb":{"@id":"https:\/\/gretaortega.com\/es\/servicios\/#breadcrumb"},"inLanguage":"es","potentialAction":[{"@type":"ReadAction","target":["https:\/\/gretaortega.com\/es\/servicios\/"]}]},{"@type":"BreadcrumbList","@id":"https:\/\/gretaortega.com\/es\/servicios\/#breadcrumb","itemListElement":[{"@type":"ListItem","position":1,"name":"Home","item":"https:\/\/gretaortega.com\/es\/"},{"@type":"ListItem","position":2,"name":"Servicios"}]},{"@type":"WebSite","@id":"https:\/\/gretaortega.com\/#website","url":"https:\/\/gretaortega.com\/","name":"Greta Ortega Wedding and Event planner","description":"San Miguel de Allende","publisher":{"@id":"https:\/\/gretaortega.com\/#organization"},"potentialAction":[{"@type":"SearchAction","target":{"@type":"EntryPoint","urlTemplate":"https:\/\/gretaortega.com\/?s={search_term_string}"},"query-input":{"@type":"PropertyValueSpecification","valueRequired":true,"valueName":"search_term_string"}}],"inLanguage":"es"},{"@type":"Organization","@id":"https:\/\/gretaortega.com\/#organization","name":"Greta Ortega San Miguel De Allende Wedding Planner","url":"https:\/\/gretaortega.com\/","logo":{"@type":"ImageObject","inLanguage":"es","@id":"https:\/\/gretaortega.com\/#\/schema\/logo\/image\/","url":"https:\/\/gretaortega.com\/wp-content\/uploads\/2023\/01\/favicon-greta.png","contentUrl":"https:\/\/gretaortega.com\/wp-content\/uploads\/2023\/01\/favicon-greta.png","width":512,"height":512,"caption":"Greta Ortega San Miguel De Allende Wedding Planner"},"image":{"@id":"https:\/\/gretaortega.com\/#\/schema\/logo\/image\/"}}]}},"_links":{"self":[{"href":"https:\/\/gretaortega.com\/es\/wp-json\/wp\/v2\/pages\/2069","targetHints":{"allow":["GET"]}}],"collection":[{"href":"https:\/\/gretaortega.com\/es\/wp-json\/wp\/v2\/pages"}],"about":[{"href":"https:\/\/gretaortega.com\/es\/wp-json\/wp\/v2\/types\/page"}],"author":[{"embeddable":true,"href":"https:\/\/gretaortega.com\/es\/wp-json\/wp\/v2\/users\/1"}],"replies":[{"embeddable":true,"href":"https:\/\/gretaortega.com\/es\/wp-json\/wp\/v2\/comments?post=2069"}],"version-history":[{"count":6,"href":"https:\/\/gretaortega.com\/es\/wp-json\/wp\/v2\/pages\/2069\/revisions"}],"predecessor-version":[{"id":2193,"href":"https:\/\/gretaortega.com\/es\/wp-json\/wp\/v2\/pages\/2069\/revisions\/2193"}],"wp:attachment":[{"href":"https:\/\/gretaortega.com\/es\/wp-json\/wp\/v2\/media?parent=2069"}],"curies":[{"name":"wp","href":"https:\/\/api.w.org\/{rel}","templated":true}]}}