{"id":2059,"date":"2020-04-02T21:43:28","date_gmt":"2020-04-02T21:43:28","guid":{"rendered":"https:\/\/gretaortega.com\/about\/"},"modified":"2021-01-22T02:04:22","modified_gmt":"2021-01-22T02:04:22","slug":"acerca","status":"publish","type":"page","link":"https:\/\/gretaortega.com\/es\/acerca\/","title":{"rendered":"Acerca"},"content":{"rendered":"<div id=\"pl-2059\"  class=\"panel-layout\" ><div id=\"pg-2059-0\"  class=\"panel-grid panel-no-style\" ><div id=\"pgc-2059-0-0\"  class=\"panel-grid-cell\" ><div id=\"panel-2059-0-0-0\" class=\"so-panel widget widget_sow-editor panel-first-child panel-last-child\" data-index=\"0\" ><div\n\t\t\t\n\t\t\tclass=\"so-widget-sow-editor so-widget-sow-editor-base\"\n\t\t\t\n\t\t>\n<div class=\"siteorigin-widget-tinymce textwidget\">\n\t<p><span style=\"font-weight: 400;\">Llegue a san miguel hace 11 a\u00f1os para abrir mi propio restaurante y a lo largo de los a\u00f1os tuve la oportunidad de organizar diversos eventos para mis clientes como inauguraciones de cl\u00ednicas medicas, baby showers, cumplea\u00f1os, celebraciones de pascua, accion de gracias, navidad, cenas familiares, eventos de negocios, pedidas de mano y dinner rehearsal entre otros, donde no solo era contratada para encargarme de la parte gastronomica sino tambien todo lo que un evento conlleva, como la contrataci\u00f3n de personal, renta de equipo, decoraci\u00f3n floral y entretenimiento (musica en vivo). Esto me llevo a ver la oportunidad de una nueva faceta profesional en la organizaci\u00f3n espec\u00edficamente de bodas.<\/span><\/p>\n<\/div>\n<\/div><\/div><\/div><\/div><\/div>","protected":false},"excerpt":{"rendered":"<p>Llegue a san miguel hace 11 a\u00f1os para abrir mi propio restaurante y a lo largo de los a\u00f1os tuve la oportunidad de organizar diversos eventos para mis clientes como inauguraciones de cl\u00ednicas medicas, baby showers, cumplea\u00f1os, celebraciones de pascua, accion de gracias, navidad, cenas familiares, eventos de negocios, pedidas de mano y dinner rehearsal&hellip;<\/p>\n<p><a class=\"btn btn-primary\" href=\"https:\/\/gretaortega.com\/es\/acerca\/\">Continue reading <i class=\"fas fa-arrow-right\"><\/i><\/a><\/p>\n","protected":false},"author":1,"featured_media":0,"parent":0,"menu_order":3,"comment_status":"closed","ping_status":"closed","template":"","meta":{"footnotes":""},"class_list":["post-2059","page","type-page","status-publish","hentry"],"yoast_head":"<!-- This site is optimized with the Yoast SEO plugin v25.8 - https:\/\/yoast.com\/wordpress\/plugins\/seo\/ -->\n<title>Acerca - Greta Ortega Wedding and Event planner<\/title>\n<meta name=\"robots\" content=\"index, follow, max-snippet:-1, max-image-preview:large, max-video-preview:-1\" \/>\n<link rel=\"canonical\" href=\"https:\/\/gretaortega.com\/es\/acerca\/\" \/>\n<meta property=\"og:locale\" content=\"es_ES\" \/>\n<meta property=\"og:type\" content=\"article\" \/>\n<meta property=\"og:title\" content=\"Acerca - Greta Ortega Wedding and Event planner\" \/>\n<meta property=\"og:description\" content=\"Llegue a san miguel hace 11 a\u00f1os para abrir mi propio restaurante y a lo largo de los a\u00f1os tuve la oportunidad de organizar diversos eventos para mis clientes como inauguraciones de cl\u00ednicas medicas, baby showers, cumplea\u00f1os, celebraciones de pascua, accion de gracias, navidad, cenas familiares, eventos de negocios, pedidas de mano y dinner rehearsal&hellip;Continue reading\" \/>\n<meta property=\"og:url\" content=\"https:\/\/gretaortega.com\/es\/acerca\/\" \/>\n<meta property=\"og:site_name\" content=\"Greta Ortega Wedding and Event planner\" \/>\n<meta property=\"article:modified_time\" content=\"2021-01-22T02:04:22+00:00\" \/>\n<meta name=\"twitter:card\" content=\"summary_large_image\" \/>\n<meta name=\"twitter:label1\" content=\"Tiempo de lectura\" \/>\n\t<meta name=\"twitter:data1\" content=\"1 minuto\" \/>\n<script type=\"application\/ld+json\" class=\"yoast-schema-graph\">{\"@context\":\"https:\/\/schema.org\",\"@graph\":[{\"@type\":\"WebPage\",\"@id\":\"https:\/\/gretaortega.com\/es\/acerca\/\",\"url\":\"https:\/\/gretaortega.com\/es\/acerca\/\",\"name\":\"Acerca - Greta Ortega Wedding and Event planner\",\"isPartOf\":{\"@id\":\"https:\/\/gretaortega.com\/#website\"},\"datePublished\":\"2020-04-02T21:43:28+00:00\",\"dateModified\":\"2021-01-22T02:04:22+00:00\",\"breadcrumb\":{\"@id\":\"https:\/\/gretaortega.com\/es\/acerca\/#breadcrumb\"},\"inLanguage\":\"es\",\"potentialAction\":[{\"@type\":\"ReadAction\",\"target\":[\"https:\/\/gretaortega.com\/es\/acerca\/\"]}]},{\"@type\":\"BreadcrumbList\",\"@id\":\"https:\/\/gretaortega.com\/es\/acerca\/#breadcrumb\",\"itemListElement\":[{\"@type\":\"ListItem\",\"position\":1,\"name\":\"Home\",\"item\":\"https:\/\/gretaortega.com\/es\/\"},{\"@type\":\"ListItem\",\"position\":2,\"name\":\"Acerca\"}]},{\"@type\":\"WebSite\",\"@id\":\"https:\/\/gretaortega.com\/#website\",\"url\":\"https:\/\/gretaortega.com\/\",\"name\":\"Greta Ortega Wedding and Event planner\",\"description\":\"San Miguel de Allende\",\"publisher\":{\"@id\":\"https:\/\/gretaortega.com\/#organization\"},\"potentialAction\":[{\"@type\":\"SearchAction\",\"target\":{\"@type\":\"EntryPoint\",\"urlTemplate\":\"https:\/\/gretaortega.com\/?s={search_term_string}\"},\"query-input\":{\"@type\":\"PropertyValueSpecification\",\"valueRequired\":true,\"valueName\":\"search_term_string\"}}],\"inLanguage\":\"es\"},{\"@type\":\"Organization\",\"@id\":\"https:\/\/gretaortega.com\/#organization\",\"name\":\"Greta Ortega San Miguel De Allende Wedding Planner\",\"url\":\"https:\/\/gretaortega.com\/\",\"logo\":{\"@type\":\"ImageObject\",\"inLanguage\":\"es\",\"@id\":\"https:\/\/gretaortega.com\/#\/schema\/logo\/image\/\",\"url\":\"https:\/\/gretaortega.com\/wp-content\/uploads\/2023\/01\/favicon-greta.png\",\"contentUrl\":\"https:\/\/gretaortega.com\/wp-content\/uploads\/2023\/01\/favicon-greta.png\",\"width\":512,\"height\":512,\"caption\":\"Greta Ortega San Miguel De Allende Wedding Planner\"},\"image\":{\"@id\":\"https:\/\/gretaortega.com\/#\/schema\/logo\/image\/\"}}]}<\/script>\n<!-- \/ Yoast SEO plugin. -->","yoast_head_json":{"title":"Acerca - Greta Ortega Wedding and Event planner","robots":{"index":"index","follow":"follow","max-snippet":"max-snippet:-1","max-image-preview":"max-image-preview:large","max-video-preview":"max-video-preview:-1"},"canonical":"https:\/\/gretaortega.com\/es\/acerca\/","og_locale":"es_ES","og_type":"article","og_title":"Acerca - Greta Ortega Wedding and Event planner","og_description":"Llegue a san miguel hace 11 a\u00f1os para abrir mi propio restaurante y a lo largo de los a\u00f1os tuve la oportunidad de organizar diversos eventos para mis clientes como inauguraciones de cl\u00ednicas medicas, baby showers, cumplea\u00f1os, celebraciones de pascua, accion de gracias, navidad, cenas familiares, eventos de negocios, pedidas de mano y dinner rehearsal&hellip;Continue reading","og_url":"https:\/\/gretaortega.com\/es\/acerca\/","og_site_name":"Greta Ortega Wedding and Event planner","article_modified_time":"2021-01-22T02:04:22+00:00","twitter_card":"summary_large_image","twitter_misc":{"Tiempo de lectura":"1 minuto"},"schema":{"@context":"https:\/\/schema.org","@graph":[{"@type":"WebPage","@id":"https:\/\/gretaortega.com\/es\/acerca\/","url":"https:\/\/gretaortega.com\/es\/acerca\/","name":"Acerca - Greta Ortega Wedding and Event planner","isPartOf":{"@id":"https:\/\/gretaortega.com\/#website"},"datePublished":"2020-04-02T21:43:28+00:00","dateModified":"2021-01-22T02:04:22+00:00","breadcrumb":{"@id":"https:\/\/gretaortega.com\/es\/acerca\/#breadcrumb"},"inLanguage":"es","potentialAction":[{"@type":"ReadAction","target":["https:\/\/gretaortega.com\/es\/acerca\/"]}]},{"@type":"BreadcrumbList","@id":"https:\/\/gretaortega.com\/es\/acerca\/#breadcrumb","itemListElement":[{"@type":"ListItem","position":1,"name":"Home","item":"https:\/\/gretaortega.com\/es\/"},{"@type":"ListItem","position":2,"name":"Acerca"}]},{"@type":"WebSite","@id":"https:\/\/gretaortega.com\/#website","url":"https:\/\/gretaortega.com\/","name":"Greta Ortega Wedding and Event planner","description":"San Miguel de Allende","publisher":{"@id":"https:\/\/gretaortega.com\/#organization"},"potentialAction":[{"@type":"SearchAction","target":{"@type":"EntryPoint","urlTemplate":"https:\/\/gretaortega.com\/?s={search_term_string}"},"query-input":{"@type":"PropertyValueSpecification","valueRequired":true,"valueName":"search_term_string"}}],"inLanguage":"es"},{"@type":"Organization","@id":"https:\/\/gretaortega.com\/#organization","name":"Greta Ortega San Miguel De Allende Wedding Planner","url":"https:\/\/gretaortega.com\/","logo":{"@type":"ImageObject","inLanguage":"es","@id":"https:\/\/gretaortega.com\/#\/schema\/logo\/image\/","url":"https:\/\/gretaortega.com\/wp-content\/uploads\/2023\/01\/favicon-greta.png","contentUrl":"https:\/\/gretaortega.com\/wp-content\/uploads\/2023\/01\/favicon-greta.png","width":512,"height":512,"caption":"Greta Ortega San Miguel De Allende Wedding Planner"},"image":{"@id":"https:\/\/gretaortega.com\/#\/schema\/logo\/image\/"}}]}},"_links":{"self":[{"href":"https:\/\/gretaortega.com\/es\/wp-json\/wp\/v2\/pages\/2059","targetHints":{"allow":["GET"]}}],"collection":[{"href":"https:\/\/gretaortega.com\/es\/wp-json\/wp\/v2\/pages"}],"about":[{"href":"https:\/\/gretaortega.com\/es\/wp-json\/wp\/v2\/types\/page"}],"author":[{"embeddable":true,"href":"https:\/\/gretaortega.com\/es\/wp-json\/wp\/v2\/users\/1"}],"replies":[{"embeddable":true,"href":"https:\/\/gretaortega.com\/es\/wp-json\/wp\/v2\/comments?post=2059"}],"version-history":[{"count":1,"href":"https:\/\/gretaortega.com\/es\/wp-json\/wp\/v2\/pages\/2059\/revisions"}],"predecessor-version":[{"id":2060,"href":"https:\/\/gretaortega.com\/es\/wp-json\/wp\/v2\/pages\/2059\/revisions\/2060"}],"wp:attachment":[{"href":"https:\/\/gretaortega.com\/es\/wp-json\/wp\/v2\/media?parent=2059"}],"curies":[{"name":"wp","href":"https:\/\/api.w.org\/{rel}","templated":true}]}}