{"id":2056,"date":"2020-04-02T19:13:07","date_gmt":"2020-04-02T19:13:07","guid":{"rendered":"https:\/\/gretaortega.com\/sample-page\/"},"modified":"2024-03-31T15:53:14","modified_gmt":"2024-03-31T15:53:14","slug":"sample-page","status":"publish","type":"page","link":"https:\/\/gretaortega.com\/es\/","title":{"rendered":"Home"},"content":{"rendered":"<div id=\"pl-2056\"  class=\"panel-layout\" ><div id=\"pg-2056-0\"  class=\"panel-grid panel-has-style\" ><div class=\"siteorigin-panels-stretch panel-row-style panel-row-style-for-2056-0\" data-stretch-type=\"full-width-stretch\" ><div id=\"pgc-2056-0-0\"  class=\"panel-grid-cell\" ><\/div><\/div><\/div><div id=\"pg-2056-1\"  class=\"panel-grid panel-has-style\" ><div class=\"siteorigin-panels-stretch panel-row-style panel-row-style-for-2056-1\" data-stretch-type=\"full\" ><div id=\"pgc-2056-1-0\"  class=\"panel-grid-cell\" ><div id=\"panel-2056-1-0-0\" class=\"so-panel widget widget_sow-editor panel-first-child\" data-index=\"1\" ><div class=\"panel-widget-style panel-widget-style-for-2056-1-0-0\" ><div\n\t\t\t\n\t\t\tclass=\"so-widget-sow-editor so-widget-sow-editor-base\"\n\t\t\t\n\t\t>\n<div class=\"siteorigin-widget-tinymce textwidget\">\n\t<h1 style=\"text-align: center;\"><span style=\"color: #21282f;\"><span style=\"caret-color: #21282f;\">Bienvenidos<\/span><\/span><\/h1>\n<p style=\"text-align: center;\">San Miguel de Allende est\u00e1 situado en el coraz\u00f3n de M\u00e9xico en el estado de Guanajuato, en 2008 fue nombrada \u201cCiudad Patrimonio de la Humanidad\u201d, y es considerada a nivel nacional un destino predilecto para la celebraci\u00f3n de bodas por su magia y encanto.<\/p>\n<p style=\"text-align: center;\">encontrar el sitio perfecto para celebrar tu boda no es una tarea dif\u00edcil visto que <strong>San Miguel de Allende<\/strong> alberga una infinidad de opciones, todas y cada uno de ellas haran de este un momento inolvidable.<\/p>\n<p style=\"text-align: center;\">En Greta Ortega Weddings, nos enfocamos en reflejar la historia de cada pareja trabajando de la mano de un conjunto de dise\u00f1adores florales, expertos en iluminacion, proveedores de mobiliario de todo tipo, servicio de banquetes y barmans y expertos en entretenimiento (djs y bandas musicales variadas) todo a la medida y gusto de cada uno de nuestros clientes.<\/p>\n<\/div>\n<\/div><\/div><\/div><div id=\"panel-2056-1-0-1\" class=\"so-panel widget widget_sow-button panel-last-child\" data-index=\"2\" ><div class=\"panel-widget-style panel-widget-style-for-2056-1-0-1\" ><div\n\t\t\t\n\t\t\tclass=\"so-widget-sow-button so-widget-sow-button-flat-d46c6cd1d6b5-2056\"\n\t\t\t\n\t\t><div class=\"ow-button-base ow-button-align-center\"\n>\n\t\t\t<a\n\t\t\t\t\thref=\"https:\/\/gretaortega.com\/contact\/\"\n\t\t\t\t\tclass=\"sowb-button ow-icon-placement-left ow-button-hover\" \t>\n\t\t<span>\n\t\t\t\n\t\t\tCont\u00e1ctanos\t\t<\/span>\n\t\t\t<\/a>\n\t<\/div>\n<\/div><\/div><\/div><\/div><\/div><\/div><div id=\"pg-2056-2\"  class=\"panel-grid panel-no-style\" ><div id=\"pgc-2056-2-0\"  class=\"panel-grid-cell panel-grid-cell-empty\" ><\/div><\/div><div id=\"pg-2056-3\"  class=\"panel-grid panel-no-style\" ><div id=\"pgc-2056-3-0\"  class=\"panel-grid-cell\" ><div id=\"panel-2056-3-0-0\" class=\"so-panel widget widget_sow-editor panel-first-child\" data-index=\"3\" ><div class=\"panel-widget-style panel-widget-style-for-2056-3-0-0\" ><div\n\t\t\t\n\t\t\tclass=\"so-widget-sow-editor so-widget-sow-editor-base\"\n\t\t\t\n\t\t>\n<div class=\"siteorigin-widget-tinymce textwidget\">\n\t<h1 style=\"text-align: center;\"><span style=\"color: #21282f;\"><span style=\"caret-color: #21282f;\">CON QUIEN TRABAJAMOS<\/span><\/span><\/h1>\n<\/div>\n<\/div><\/div><\/div><div id=\"panel-2056-3-0-1\" class=\"so-panel widget widget_sow-features panel-last-child\" data-index=\"4\" ><div\n\t\t\t\n\t\t\tclass=\"so-widget-sow-features so-widget-sow-features-default-32db02bdf339-2056\"\n\t\t\t\n\t\t><ul\n\tclass=\"sow-features-list\n\tsow-features-responsive\">\n\n\t\t\t<li\n\t\t\tclass=\"sow-features-feature sow-icon-container-position-top\"\n\t\t\tstyle=\"display: flex; flex-direction: column; width: calc(20% - 25px);\"\n\t\t>\n\t\t\t\n\t\t\t\t\t\t<div\t\t\t\tclass=\"sow-icon-container sow-container-none\"\n\t\t\t\tstyle=\"color: #ffffff; \"\n\t\t\t\t\n\t\t\t\t\t\t\t>\n\t\t\t\t\t\t\t\t\t\t<div class=\"sow-icon-image\" style=\"background-image: url(https:\/\/gretaortega.com\/wp-content\/uploads\/2020\/04\/warehouse.png); font-size: 100px\"><\/div>\n\t\t\t\t\t\t\t\t\t<\/div>\n\n\t\t\t<div class=\"textwidget\">\n\t\t\t\t\n\t\t\t\t\n\t\t\t\t\t\t\t<\/div>\n\t\t\t\t\t\t\t\t<\/li>\n\n\t\t\t<li\n\t\t\tclass=\"sow-features-feature sow-icon-container-position-top\"\n\t\t\tstyle=\"display: flex; flex-direction: column; width: calc(20% - 25px);\"\n\t\t>\n\t\t\t\n\t\t\t\t\t\t<div\t\t\t\tclass=\"sow-icon-container sow-container-none\"\n\t\t\t\tstyle=\"color: #ffffff; \"\n\t\t\t\t\n\t\t\t\t\t\t\t>\n\t\t\t\t\t\t\t\t\t\t<div class=\"sow-icon-image\" style=\"background-image: url(https:\/\/gretaortega.com\/wp-content\/uploads\/2020\/04\/trinitate.png); font-size: 100px\"><\/div>\n\t\t\t\t\t\t\t\t\t<\/div>\n\n\t\t\t<div class=\"textwidget\">\n\t\t\t\t\n\t\t\t\t\n\t\t\t\t\t\t\t<\/div>\n\t\t\t\t\t\t\t\t<\/li>\n\n\t\t\t<li\n\t\t\tclass=\"sow-features-feature sow-icon-container-position-top\"\n\t\t\tstyle=\"display: flex; flex-direction: column; width: calc(20% - 25px);\"\n\t\t>\n\t\t\t\n\t\t\t\t\t\t<div\t\t\t\tclass=\"sow-icon-container sow-container-none\"\n\t\t\t\tstyle=\"color: #ffffff; \"\n\t\t\t\t\n\t\t\t\t\t\t\t>\n\t\t\t\t\t\t\t\t\t\t<div class=\"sow-icon-image\" style=\"background-image: url(https:\/\/gretaortega.com\/wp-content\/uploads\/2020\/04\/the-restaurant.png); font-size: 100px\"><\/div>\n\t\t\t\t\t\t\t\t\t<\/div>\n\n\t\t\t<div class=\"textwidget\">\n\t\t\t\t\n\t\t\t\t\n\t\t\t\t\t\t\t<\/div>\n\t\t\t\t\t\t\t\t<\/li>\n\n\t\t\t<li\n\t\t\tclass=\"sow-features-feature sow-icon-container-position-top\"\n\t\t\tstyle=\"display: flex; flex-direction: column; width: calc(20% - 25px);\"\n\t\t>\n\t\t\t\n\t\t\t\t\t\t<div\t\t\t\tclass=\"sow-icon-container sow-container-none\"\n\t\t\t\tstyle=\"color: #ffffff; \"\n\t\t\t\t\n\t\t\t\t\t\t\t>\n\t\t\t\t\t\t\t\t\t\t<div class=\"sow-icon-image\" style=\"background-image: url(https:\/\/gretaortega.com\/wp-content\/uploads\/2020\/04\/renata.png); font-size: 100px\"><\/div>\n\t\t\t\t\t\t\t\t\t<\/div>\n\n\t\t\t<div class=\"textwidget\">\n\t\t\t\t\n\t\t\t\t\n\t\t\t\t\t\t\t<\/div>\n\t\t\t\t\t\t\t\t<\/li>\n\n\t\t\t<li\n\t\t\tclass=\"sow-features-feature sow-icon-container-position-top\"\n\t\t\tstyle=\"display: flex; flex-direction: column; width: calc(20% - 25px);\"\n\t\t>\n\t\t\t\n\t\t\t\t\t\t<div\t\t\t\tclass=\"sow-icon-container sow-container-none\"\n\t\t\t\tstyle=\"color: #ffffff; \"\n\t\t\t\t\n\t\t\t\t\t\t\t>\n\t\t\t\t\t\t\t\t\t\t<div class=\"sow-icon-image\" style=\"background-image: url(https:\/\/gretaortega.com\/wp-content\/uploads\/2020\/04\/marcus-jolly.png); font-size: 100px\"><\/div>\n\t\t\t\t\t\t\t\t\t<\/div>\n\n\t\t\t<div class=\"textwidget\">\n\t\t\t\t\n\t\t\t\t\n\t\t\t\t\t\t\t<\/div>\n\t\t\t\t\t\t\t\t<\/li>\n\n\t\t\t<li\n\t\t\tclass=\"sow-features-feature sow-icon-container-position-top\"\n\t\t\tstyle=\"display: flex; flex-direction: column; width: calc(20% - 25px);\"\n\t\t>\n\t\t\t\n\t\t\t\t\t\t<div\t\t\t\tclass=\"sow-icon-container sow-container-none\"\n\t\t\t\tstyle=\"color: #ffffff; \"\n\t\t\t\t\n\t\t\t\t\t\t\t>\n\t\t\t\t\t\t\t\t\t\t<div class=\"sow-icon-image\" style=\"background-image: url(https:\/\/gretaortega.com\/wp-content\/uploads\/2020\/04\/hollands.png); font-size: 100px\"><\/div>\n\t\t\t\t\t\t\t\t\t<\/div>\n\n\t\t\t<div class=\"textwidget\">\n\t\t\t\t\n\t\t\t\t\n\t\t\t\t\t\t\t<\/div>\n\t\t\t\t\t\t\t\t<\/li>\n\n\t\t\t<li\n\t\t\tclass=\"sow-features-feature sow-icon-container-position-top\"\n\t\t\tstyle=\"display: flex; flex-direction: column; width: calc(20% - 25px);\"\n\t\t>\n\t\t\t\n\t\t\t\t\t\t<div\t\t\t\tclass=\"sow-icon-container sow-container-none\"\n\t\t\t\tstyle=\"color: #ffffff; \"\n\t\t\t\t\n\t\t\t\t\t\t\t>\n\t\t\t\t\t\t\t\t\t\t<div class=\"sow-icon-image\" style=\"background-image: url(https:\/\/gretaortega.com\/wp-content\/uploads\/2020\/04\/flower-shop-1.png); font-size: 100px\"><\/div>\n\t\t\t\t\t\t\t\t\t<\/div>\n\n\t\t\t<div class=\"textwidget\">\n\t\t\t\t\n\t\t\t\t\n\t\t\t\t\t\t\t<\/div>\n\t\t\t\t\t\t\t\t<\/li>\n\n\t\t\t<li\n\t\t\tclass=\"sow-features-feature sow-icon-container-position-top\"\n\t\t\tstyle=\"display: flex; flex-direction: column; width: calc(20% - 25px);\"\n\t\t>\n\t\t\t\n\t\t\t\t\t\t<div\t\t\t\tclass=\"sow-icon-container sow-container-none\"\n\t\t\t\tstyle=\"color: #ffffff; \"\n\t\t\t\t\n\t\t\t\t\t\t\t>\n\t\t\t\t\t\t\t\t\t\t<div class=\"sow-icon-image\" style=\"background-image: url(https:\/\/gretaortega.com\/wp-content\/uploads\/2020\/04\/bekeb.png); font-size: 100px\"><\/div>\n\t\t\t\t\t\t\t\t\t<\/div>\n\n\t\t\t<div class=\"textwidget\">\n\t\t\t\t\n\t\t\t\t\n\t\t\t\t\t\t\t<\/div>\n\t\t\t\t\t\t\t\t<\/li>\n\n\t\t\t<li\n\t\t\tclass=\"sow-features-feature sow-icon-container-position-top\"\n\t\t\tstyle=\"display: flex; flex-direction: column; width: calc(20% - 25px);\"\n\t\t>\n\t\t\t\n\t\t\t\t\t\t<div\t\t\t\tclass=\"sow-icon-container sow-container-none\"\n\t\t\t\tstyle=\"color: #ffffff; \"\n\t\t\t\t\n\t\t\t\t\t\t\t>\n\t\t\t\t\t\t\t\t\t\t<div class=\"sow-icon-image\" style=\"background-image: url(https:\/\/gretaortega.com\/wp-content\/uploads\/2020\/04\/arturo.png); font-size: 100px\"><\/div>\n\t\t\t\t\t\t\t\t\t<\/div>\n\n\t\t\t<div class=\"textwidget\">\n\t\t\t\t\n\t\t\t\t\n\t\t\t\t\t\t\t<\/div>\n\t\t\t\t\t\t\t\t<\/li>\n\n\t\t\t<li\n\t\t\tclass=\"sow-features-feature sow-icon-container-position-top\"\n\t\t\tstyle=\"display: flex; flex-direction: column; width: calc(20% - 25px);\"\n\t\t>\n\t\t\t\n\t\t\t\t\t\t<div\t\t\t\tclass=\"sow-icon-container sow-container-none\"\n\t\t\t\tstyle=\"color: #ffffff; \"\n\t\t\t\t\n\t\t\t\t\t\t\t>\n\t\t\t\t\t\t\t\t\t\t<div class=\"sow-icon-image\" style=\"background-image: url(https:\/\/gretaortega.com\/wp-content\/uploads\/2020\/04\/mivida.png); font-size: 100px\"><\/div>\n\t\t\t\t\t\t\t\t\t<\/div>\n\n\t\t\t<div class=\"textwidget\">\n\t\t\t\t\n\t\t\t\t\n\t\t\t\t\t\t\t<\/div>\n\t\t\t\t\t\t\t\t<\/li>\n\n\t\t\t<li\n\t\t\tclass=\"sow-features-feature sow-icon-container-position-top\"\n\t\t\tstyle=\"display: flex; flex-direction: column; width: calc(20% - 25px);\"\n\t\t>\n\t\t\t\n\t\t\t\t\t\t<div\t\t\t\tclass=\"sow-icon-container sow-container-none\"\n\t\t\t\tstyle=\"color: #ffffff; \"\n\t\t\t\t\n\t\t\t\t\t\t\t>\n\t\t\t\t\t\t\t\t\t\t<div class=\"sow-icon-image\" style=\"background-image: url(https:\/\/gretaortega.com\/wp-content\/uploads\/2020\/04\/divana.jpg); font-size: 100px\"><\/div>\n\t\t\t\t\t\t\t\t\t<\/div>\n\n\t\t\t<div class=\"textwidget\">\n\t\t\t\t\n\t\t\t\t\n\t\t\t\t\t\t\t<\/div>\n\t\t\t\t\t\t\t\t<\/li>\n\n\t\t\t<li\n\t\t\tclass=\"sow-features-feature sow-icon-container-position-top\"\n\t\t\tstyle=\"display: flex; flex-direction: column; width: calc(20% - 25px);\"\n\t\t>\n\t\t\t\n\t\t\t\t\t\t<div\t\t\t\tclass=\"sow-icon-container sow-container-none\"\n\t\t\t\tstyle=\"color: #ffffff; \"\n\t\t\t\t\n\t\t\t\t\t\t\t>\n\t\t\t\t\t\t\t\t\t\t<div class=\"sow-icon-image\" style=\"background-image: url(https:\/\/gretaortega.com\/wp-content\/uploads\/2020\/04\/etcetera.png); font-size: 100px\"><\/div>\n\t\t\t\t\t\t\t\t\t<\/div>\n\n\t\t\t<div class=\"textwidget\">\n\t\t\t\t\n\t\t\t\t\n\t\t\t\t\t\t\t<\/div>\n\t\t\t\t\t\t\t\t<\/li>\n\n\t\t\t<li\n\t\t\tclass=\"sow-features-feature sow-icon-container-position-top\"\n\t\t\tstyle=\"display: flex; flex-direction: column; width: calc(20% - 25px);\"\n\t\t>\n\t\t\t\n\t\t\t\t\t\t<div\t\t\t\tclass=\"sow-icon-container sow-container-none\"\n\t\t\t\tstyle=\"color: #ffffff; \"\n\t\t\t\t\n\t\t\t\t\t\t\t>\n\t\t\t\t\t\t\t\t\t\t<div class=\"sow-icon-image\" style=\"background-image: url(https:\/\/gretaortega.com\/wp-content\/uploads\/2020\/04\/eugenia.png); font-size: 100px\"><\/div>\n\t\t\t\t\t\t\t\t\t<\/div>\n\n\t\t\t<div class=\"textwidget\">\n\t\t\t\t\n\t\t\t\t\n\t\t\t\t\t\t\t<\/div>\n\t\t\t\t\t\t\t\t<\/li>\n\n\t\t\t<li\n\t\t\tclass=\"sow-features-feature sow-icon-container-position-top\"\n\t\t\tstyle=\"display: flex; flex-direction: column; width: calc(20% - 25px);\"\n\t\t>\n\t\t\t\n\t\t\t\t\t\t<div\t\t\t\tclass=\"sow-icon-container sow-container-none\"\n\t\t\t\tstyle=\"color: #ffffff; \"\n\t\t\t\t\n\t\t\t\t\t\t\t>\n\t\t\t\t\t\t\t\t\t\t<div class=\"sow-icon-image\" style=\"background-image: url(https:\/\/gretaortega.com\/wp-content\/uploads\/2020\/04\/omar-montoy.png); font-size: 100px\"><\/div>\n\t\t\t\t\t\t\t\t\t<\/div>\n\n\t\t\t<div class=\"textwidget\">\n\t\t\t\t\n\t\t\t\t\n\t\t\t\t\t\t\t<\/div>\n\t\t\t\t\t\t\t\t<\/li>\n\n\t\t\t<li\n\t\t\tclass=\"sow-features-feature sow-icon-container-position-top\"\n\t\t\tstyle=\"display: flex; flex-direction: column; width: calc(20% - 25px);\"\n\t\t>\n\t\t\t\n\t\t\t\t\t\t<div\t\t\t\tclass=\"sow-icon-container sow-container-none\"\n\t\t\t\tstyle=\"color: #ffffff; \"\n\t\t\t\t\n\t\t\t\t\t\t\t>\n\t\t\t\t\t\t\t\t\t\t<div class=\"sow-icon-image\" style=\"background-image: url(https:\/\/gretaortega.com\/wp-content\/uploads\/2020\/04\/kratos.jpg); font-size: 100px\"><\/div>\n\t\t\t\t\t\t\t\t\t<\/div>\n\n\t\t\t<div class=\"textwidget\">\n\t\t\t\t\n\t\t\t\t\n\t\t\t\t\t\t\t<\/div>\n\t\t\t\t\t\t\t\t<\/li>\n\n\t<\/ul>\n<\/div><\/div><\/div><\/div><\/div>","protected":false},"excerpt":{"rendered":"<p>Bienvenidos San Miguel de Allende est\u00e1 situado en el coraz\u00f3n de M\u00e9xico en el estado de Guanajuato, en 2008 fue nombrada \u201cCiudad Patrimonio de la Humanidad\u201d, y es considerada a nivel nacional un destino predilecto para la celebraci\u00f3n de bodas por su magia y encanto. encontrar el sitio perfecto para celebrar tu boda no es&hellip;<\/p>\n<p><a class=\"btn btn-primary\" href=\"https:\/\/gretaortega.com\/es\/\">Continue reading <i class=\"fas fa-arrow-right\"><\/i><\/a><\/p>\n","protected":false},"author":1,"featured_media":0,"parent":0,"menu_order":15,"comment_status":"closed","ping_status":"open","template":"page-template-homepage.php","meta":{"footnotes":""},"class_list":["post-2056","page","type-page","status-publish","hentry"],"yoast_head":"<!-- This site is optimized with the Yoast SEO plugin v25.8 - https:\/\/yoast.com\/wordpress\/plugins\/seo\/ -->\n<title>Bodas en San Miguel de Allende - Planeaci\u00f3n de bodas y eventos - Greta Ortega Wedding and Event planner<\/title>\n<meta name=\"description\" content=\"Tenemos mas de 11 A\u00f1os de experiencias en Eventos, Bodas, cerimonias en San Miguel de Allende. Wedding Planner en San Miguel De Allende - Mexico\" \/>\n<meta name=\"robots\" content=\"index, follow, max-snippet:-1, max-image-preview:large, max-video-preview:-1\" \/>\n<link rel=\"canonical\" href=\"https:\/\/gretaortega.com\/es\/\" \/>\n<meta property=\"og:locale\" content=\"es_ES\" \/>\n<meta property=\"og:type\" content=\"article\" \/>\n<meta property=\"og:title\" content=\"Bodas en San Miguel de Allende - Planeaci\u00f3n de bodas y eventos - Greta Ortega Wedding and Event planner\" \/>\n<meta property=\"og:description\" content=\"Tenemos mas de 11 A\u00f1os de experiencias en Eventos, Bodas, cerimonias en San Miguel de Allende. Wedding Planner en San Miguel De Allende - Mexico\" \/>\n<meta property=\"og:url\" content=\"https:\/\/gretaortega.com\/es\/\" \/>\n<meta property=\"og:site_name\" content=\"Greta Ortega Wedding and Event planner\" \/>\n<meta property=\"article:modified_time\" content=\"2024-03-31T15:53:14+00:00\" \/>\n<meta name=\"twitter:card\" content=\"summary_large_image\" \/>\n<meta name=\"twitter:label1\" content=\"Tiempo de lectura\" \/>\n\t<meta name=\"twitter:data1\" content=\"4 minutos\" \/>\n<script type=\"application\/ld+json\" class=\"yoast-schema-graph\">{\"@context\":\"https:\/\/schema.org\",\"@graph\":[{\"@type\":\"WebPage\",\"@id\":\"https:\/\/gretaortega.com\/es\/\",\"url\":\"https:\/\/gretaortega.com\/es\/\",\"name\":\"Bodas en San Miguel de Allende - Planeaci\u00f3n de bodas y eventos - Greta Ortega Wedding and Event planner\",\"isPartOf\":{\"@id\":\"https:\/\/gretaortega.com\/#website\"},\"datePublished\":\"2020-04-02T19:13:07+00:00\",\"dateModified\":\"2024-03-31T15:53:14+00:00\",\"description\":\"Tenemos mas de 11 A\u00f1os de experiencias en Eventos, Bodas, cerimonias en San Miguel de Allende. Wedding Planner en San Miguel De Allende - Mexico\",\"breadcrumb\":{\"@id\":\"https:\/\/gretaortega.com\/es\/#breadcrumb\"},\"inLanguage\":\"es\",\"potentialAction\":[{\"@type\":\"ReadAction\",\"target\":[\"https:\/\/gretaortega.com\/es\/\"]}]},{\"@type\":\"BreadcrumbList\",\"@id\":\"https:\/\/gretaortega.com\/es\/#breadcrumb\",\"itemListElement\":[{\"@type\":\"ListItem\",\"position\":1,\"name\":\"Home\",\"item\":\"https:\/\/gretaortega.com\/es\/\"},{\"@type\":\"ListItem\",\"position\":2,\"name\":\"Home\"}]},{\"@type\":\"WebSite\",\"@id\":\"https:\/\/gretaortega.com\/#website\",\"url\":\"https:\/\/gretaortega.com\/\",\"name\":\"Greta Ortega Wedding and Event planner\",\"description\":\"San Miguel de Allende\",\"publisher\":{\"@id\":\"https:\/\/gretaortega.com\/#organization\"},\"potentialAction\":[{\"@type\":\"SearchAction\",\"target\":{\"@type\":\"EntryPoint\",\"urlTemplate\":\"https:\/\/gretaortega.com\/?s={search_term_string}\"},\"query-input\":{\"@type\":\"PropertyValueSpecification\",\"valueRequired\":true,\"valueName\":\"search_term_string\"}}],\"inLanguage\":\"es\"},{\"@type\":\"Organization\",\"@id\":\"https:\/\/gretaortega.com\/#organization\",\"name\":\"Greta Ortega San Miguel De Allende Wedding Planner\",\"url\":\"https:\/\/gretaortega.com\/\",\"logo\":{\"@type\":\"ImageObject\",\"inLanguage\":\"es\",\"@id\":\"https:\/\/gretaortega.com\/#\/schema\/logo\/image\/\",\"url\":\"https:\/\/gretaortega.com\/wp-content\/uploads\/2023\/01\/favicon-greta.png\",\"contentUrl\":\"https:\/\/gretaortega.com\/wp-content\/uploads\/2023\/01\/favicon-greta.png\",\"width\":512,\"height\":512,\"caption\":\"Greta Ortega San Miguel De Allende Wedding Planner\"},\"image\":{\"@id\":\"https:\/\/gretaortega.com\/#\/schema\/logo\/image\/\"}}]}<\/script>\n<!-- \/ Yoast SEO plugin. -->","yoast_head_json":{"title":"Bodas en San Miguel de Allende - Planeaci\u00f3n de bodas y eventos - Greta Ortega Wedding and Event planner","description":"Tenemos mas de 11 A\u00f1os de experiencias en Eventos, Bodas, cerimonias en San Miguel de Allende. Wedding Planner en San Miguel De Allende - Mexico","robots":{"index":"index","follow":"follow","max-snippet":"max-snippet:-1","max-image-preview":"max-image-preview:large","max-video-preview":"max-video-preview:-1"},"canonical":"https:\/\/gretaortega.com\/es\/","og_locale":"es_ES","og_type":"article","og_title":"Bodas en San Miguel de Allende - Planeaci\u00f3n de bodas y eventos - Greta Ortega Wedding and Event planner","og_description":"Tenemos mas de 11 A\u00f1os de experiencias en Eventos, Bodas, cerimonias en San Miguel de Allende. Wedding Planner en San Miguel De Allende - Mexico","og_url":"https:\/\/gretaortega.com\/es\/","og_site_name":"Greta Ortega Wedding and Event planner","article_modified_time":"2024-03-31T15:53:14+00:00","twitter_card":"summary_large_image","twitter_misc":{"Tiempo de lectura":"4 minutos"},"schema":{"@context":"https:\/\/schema.org","@graph":[{"@type":"WebPage","@id":"https:\/\/gretaortega.com\/es\/","url":"https:\/\/gretaortega.com\/es\/","name":"Bodas en San Miguel de Allende - Planeaci\u00f3n de bodas y eventos - Greta Ortega Wedding and Event planner","isPartOf":{"@id":"https:\/\/gretaortega.com\/#website"},"datePublished":"2020-04-02T19:13:07+00:00","dateModified":"2024-03-31T15:53:14+00:00","description":"Tenemos mas de 11 A\u00f1os de experiencias en Eventos, Bodas, cerimonias en San Miguel de Allende. Wedding Planner en San Miguel De Allende - Mexico","breadcrumb":{"@id":"https:\/\/gretaortega.com\/es\/#breadcrumb"},"inLanguage":"es","potentialAction":[{"@type":"ReadAction","target":["https:\/\/gretaortega.com\/es\/"]}]},{"@type":"BreadcrumbList","@id":"https:\/\/gretaortega.com\/es\/#breadcrumb","itemListElement":[{"@type":"ListItem","position":1,"name":"Home","item":"https:\/\/gretaortega.com\/es\/"},{"@type":"ListItem","position":2,"name":"Home"}]},{"@type":"WebSite","@id":"https:\/\/gretaortega.com\/#website","url":"https:\/\/gretaortega.com\/","name":"Greta Ortega Wedding and Event planner","description":"San Miguel de Allende","publisher":{"@id":"https:\/\/gretaortega.com\/#organization"},"potentialAction":[{"@type":"SearchAction","target":{"@type":"EntryPoint","urlTemplate":"https:\/\/gretaortega.com\/?s={search_term_string}"},"query-input":{"@type":"PropertyValueSpecification","valueRequired":true,"valueName":"search_term_string"}}],"inLanguage":"es"},{"@type":"Organization","@id":"https:\/\/gretaortega.com\/#organization","name":"Greta Ortega San Miguel De Allende Wedding Planner","url":"https:\/\/gretaortega.com\/","logo":{"@type":"ImageObject","inLanguage":"es","@id":"https:\/\/gretaortega.com\/#\/schema\/logo\/image\/","url":"https:\/\/gretaortega.com\/wp-content\/uploads\/2023\/01\/favicon-greta.png","contentUrl":"https:\/\/gretaortega.com\/wp-content\/uploads\/2023\/01\/favicon-greta.png","width":512,"height":512,"caption":"Greta Ortega San Miguel De Allende Wedding Planner"},"image":{"@id":"https:\/\/gretaortega.com\/#\/schema\/logo\/image\/"}}]}},"_links":{"self":[{"href":"https:\/\/gretaortega.com\/es\/wp-json\/wp\/v2\/pages\/2056","targetHints":{"allow":["GET"]}}],"collection":[{"href":"https:\/\/gretaortega.com\/es\/wp-json\/wp\/v2\/pages"}],"about":[{"href":"https:\/\/gretaortega.com\/es\/wp-json\/wp\/v2\/types\/page"}],"author":[{"embeddable":true,"href":"https:\/\/gretaortega.com\/es\/wp-json\/wp\/v2\/users\/1"}],"replies":[{"embeddable":true,"href":"https:\/\/gretaortega.com\/es\/wp-json\/wp\/v2\/comments?post=2056"}],"version-history":[{"count":7,"href":"https:\/\/gretaortega.com\/es\/wp-json\/wp\/v2\/pages\/2056\/revisions"}],"predecessor-version":[{"id":2231,"href":"https:\/\/gretaortega.com\/es\/wp-json\/wp\/v2\/pages\/2056\/revisions\/2231"}],"wp:attachment":[{"href":"https:\/\/gretaortega.com\/es\/wp-json\/wp\/v2\/media?parent=2056"}],"curies":[{"name":"wp","href":"https:\/\/api.w.org\/{rel}","templated":true}]}}